{"id":208,"date":"2018-02-03T14:59:18","date_gmt":"2018-02-03T13:59:18","guid":{"rendered":"http:\/\/wp.fellendorf.de\/wordpress\/?page_id=208"},"modified":"2018-02-03T15:04:09","modified_gmt":"2018-02-03T14:04:09","slug":"most-wanted","status":"publish","type":"page","link":"https:\/\/www.fellendorf.de\/","title":{"rendered":"Most Wanted"},"content":{"rendered":"<p><strong>Wir suchen Infos \u00fcber Wilhelm Georg Fellendorf.<\/strong><\/p>\n<p>Nach unseren Erkenntnissen hat <em>Wilhelm Georg Fellendorf<\/em> einen Sohn:<\/p>\n<p>1.  Heinrich Erdmann Traugott Fellendorf geb. 1811, Radmannsdorf Kreis L\u00f6wenberg (Radomi\u0142owice)    gest. 1875, Oberlangenau Kreis L\u00f6wenberg<br \/>\nFalls Sie Informationen \u00fcber Wilhelm Georg Fellendorf besitzen, w\u00fcrde wir uns freuen, wenn Sie uns diese mitteilen<\/p>\n","protected":false},"excerpt":{"rendered":"<p>Wir suchen Infos \u00fcber Wilhelm Georg Fellendorf. Nach unseren Erkenntnissen hat Wilhelm Georg Fellendorf einen Sohn: 1. Heinrich Erdmann Traugott Fellendorf geb. 1811, Radmannsdorf Kreis L\u00f6wenberg (Radomi\u0142owice) gest. 1875, Oberlangenau Kreis L\u00f6wenberg Falls Sie Informationen \u00fcber Wilhelm Georg Fellendorf besitzen, w\u00fcrde wir uns freuen, wenn Sie uns diese mitteilen<\/p>\n","protected":false},"author":2,"featured_media":0,"parent":0,"menu_order":0,"comment_status":"open","ping_status":"closed","template":"","meta":{"saved_in_kubio":false,"jetpack_post_was_ever_published":false,"two_page_speed":[],"inspiro_hide_title":false,"footnotes":""},"class_list":["post-208","page","type-page","status-publish","hentry"],"wppr_data":{"cwp_meta_box_check":"No"},"kubio_ai_page_context":{"short_desc":"","purpose":"general"},"yoast_head":"<!-- This site is optimized with the Yoast SEO plugin v27.4 - https:\/\/yoast.com\/product\/yoast-seo-wordpress\/ -->\n<title>Most Wanted - Familie Fellendorf<\/title>\n<meta name=\"robots\" content=\"index, follow, max-snippet:-1, max-image-preview:large, max-video-preview:-1\" \/>\n<link rel=\"canonical\" href=\"https:\/\/www.fellendorf.de\/\" \/>\n<meta property=\"og:locale\" content=\"de_DE\" \/>\n<meta property=\"og:type\" content=\"article\" \/>\n<meta property=\"og:title\" content=\"Most Wanted - Familie Fellendorf\" \/>\n<meta property=\"og:description\" content=\"Wir suchen Infos \u00fcber Wilhelm Georg Fellendorf. Nach unseren Erkenntnissen hat Wilhelm Georg Fellendorf einen Sohn: 1. Heinrich Erdmann Traugott Fellendorf geb. 1811, Radmannsdorf Kreis L\u00f6wenberg (Radomi\u0142owice) gest. 1875, Oberlangenau Kreis L\u00f6wenberg Falls Sie Informationen \u00fcber Wilhelm Georg Fellendorf besitzen, w\u00fcrde wir uns freuen, wenn Sie uns diese mitteilen\" \/>\n<meta property=\"og:url\" content=\"https:\/\/www.fellendorf.de\/\" \/>\n<meta property=\"og:site_name\" content=\"Familie Fellendorf\" \/>\n<meta property=\"article:modified_time\" content=\"2018-02-03T14:04:09+00:00\" \/>\n<meta name=\"twitter:card\" content=\"summary_large_image\" \/>\n<script type=\"application\/ld+json\" class=\"yoast-schema-graph\">{\"@context\":\"https:\\\/\\\/schema.org\",\"@graph\":[{\"@type\":\"WebPage\",\"@id\":\"https:\\\/\\\/www.fellendorf.de\\\/\",\"url\":\"https:\\\/\\\/www.fellendorf.de\\\/\",\"name\":\"Most Wanted - Familie Fellendorf\",\"isPartOf\":{\"@id\":\"https:\\\/\\\/www.fellendorf.de\\\/#website\"},\"datePublished\":\"2018-02-03T13:59:18+00:00\",\"dateModified\":\"2018-02-03T14:04:09+00:00\",\"breadcrumb\":{\"@id\":\"https:\\\/\\\/www.fellendorf.de\\\/#breadcrumb\"},\"inLanguage\":\"de\",\"potentialAction\":[{\"@type\":\"ReadAction\",\"target\":[\"https:\\\/\\\/www.fellendorf.de\\\/\"]}]},{\"@type\":\"BreadcrumbList\",\"@id\":\"https:\\\/\\\/www.fellendorf.de\\\/#breadcrumb\",\"itemListElement\":[{\"@type\":\"ListItem\",\"position\":1,\"name\":\"Home\",\"item\":\"https:\\\/\\\/www.fellendorf.de\\\/\"},{\"@type\":\"ListItem\",\"position\":2,\"name\":\"Most Wanted\"}]},{\"@type\":\"WebSite\",\"@id\":\"https:\\\/\\\/www.fellendorf.de\\\/#website\",\"url\":\"https:\\\/\\\/www.fellendorf.de\\\/\",\"name\":\"Familie Fellendorf\",\"description\":\"History genealogy of the family fellendorf\",\"publisher\":{\"@id\":\"https:\\\/\\\/www.fellendorf.de\\\/#organization\"},\"alternateName\":\"Fellendorf.de\",\"potentialAction\":[{\"@type\":\"SearchAction\",\"target\":{\"@type\":\"EntryPoint\",\"urlTemplate\":\"https:\\\/\\\/www.fellendorf.de\\\/?s={search_term_string}\"},\"query-input\":{\"@type\":\"PropertyValueSpecification\",\"valueRequired\":true,\"valueName\":\"search_term_string\"}}],\"inLanguage\":\"de\"},{\"@type\":\"Organization\",\"@id\":\"https:\\\/\\\/www.fellendorf.de\\\/#organization\",\"name\":\"Familie Fellendorf\",\"alternateName\":\"Fellendorf\",\"url\":\"https:\\\/\\\/www.fellendorf.de\\\/\",\"logo\":{\"@type\":\"ImageObject\",\"inLanguage\":\"de\",\"@id\":\"https:\\\/\\\/www.fellendorf.de\\\/#\\\/schema\\\/logo\\\/image\\\/\",\"url\":\"http:\\\/\\\/www.fellendorf.de\\\/wp-content\\\/uploads\\\/2015\\\/05\\\/fellendorf_logo_k.jpg\",\"contentUrl\":\"http:\\\/\\\/www.fellendorf.de\\\/wp-content\\\/uploads\\\/2015\\\/05\\\/fellendorf_logo_k.jpg\",\"width\":314,\"height\":344,\"caption\":\"Familie Fellendorf\"},\"image\":{\"@id\":\"https:\\\/\\\/www.fellendorf.de\\\/#\\\/schema\\\/logo\\\/image\\\/\"}}]}<\/script>\n<!-- \/ Yoast SEO plugin. -->","yoast_head_json":{"title":"Most Wanted - Familie Fellendorf","robots":{"index":"index","follow":"follow","max-snippet":"max-snippet:-1","max-image-preview":"max-image-preview:large","max-video-preview":"max-video-preview:-1"},"canonical":"https:\/\/www.fellendorf.de\/","og_locale":"de_DE","og_type":"article","og_title":"Most Wanted - Familie Fellendorf","og_description":"Wir suchen Infos \u00fcber Wilhelm Georg Fellendorf. Nach unseren Erkenntnissen hat Wilhelm Georg Fellendorf einen Sohn: 1. Heinrich Erdmann Traugott Fellendorf geb. 1811, Radmannsdorf Kreis L\u00f6wenberg (Radomi\u0142owice) gest. 1875, Oberlangenau Kreis L\u00f6wenberg Falls Sie Informationen \u00fcber Wilhelm Georg Fellendorf besitzen, w\u00fcrde wir uns freuen, wenn Sie uns diese mitteilen","og_url":"https:\/\/www.fellendorf.de\/","og_site_name":"Familie Fellendorf","article_modified_time":"2018-02-03T14:04:09+00:00","twitter_card":"summary_large_image","schema":{"@context":"https:\/\/schema.org","@graph":[{"@type":"WebPage","@id":"https:\/\/www.fellendorf.de\/","url":"https:\/\/www.fellendorf.de\/","name":"Most Wanted - Familie Fellendorf","isPartOf":{"@id":"https:\/\/www.fellendorf.de\/#website"},"datePublished":"2018-02-03T13:59:18+00:00","dateModified":"2018-02-03T14:04:09+00:00","breadcrumb":{"@id":"https:\/\/www.fellendorf.de\/#breadcrumb"},"inLanguage":"de","potentialAction":[{"@type":"ReadAction","target":["https:\/\/www.fellendorf.de\/"]}]},{"@type":"BreadcrumbList","@id":"https:\/\/www.fellendorf.de\/#breadcrumb","itemListElement":[{"@type":"ListItem","position":1,"name":"Home","item":"https:\/\/www.fellendorf.de\/"},{"@type":"ListItem","position":2,"name":"Most Wanted"}]},{"@type":"WebSite","@id":"https:\/\/www.fellendorf.de\/#website","url":"https:\/\/www.fellendorf.de\/","name":"Familie Fellendorf","description":"History genealogy of the family fellendorf","publisher":{"@id":"https:\/\/www.fellendorf.de\/#organization"},"alternateName":"Fellendorf.de","potentialAction":[{"@type":"SearchAction","target":{"@type":"EntryPoint","urlTemplate":"https:\/\/www.fellendorf.de\/?s={search_term_string}"},"query-input":{"@type":"PropertyValueSpecification","valueRequired":true,"valueName":"search_term_string"}}],"inLanguage":"de"},{"@type":"Organization","@id":"https:\/\/www.fellendorf.de\/#organization","name":"Familie Fellendorf","alternateName":"Fellendorf","url":"https:\/\/www.fellendorf.de\/","logo":{"@type":"ImageObject","inLanguage":"de","@id":"https:\/\/www.fellendorf.de\/#\/schema\/logo\/image\/","url":"http:\/\/www.fellendorf.de\/wp-content\/uploads\/2015\/05\/fellendorf_logo_k.jpg","contentUrl":"http:\/\/www.fellendorf.de\/wp-content\/uploads\/2015\/05\/fellendorf_logo_k.jpg","width":314,"height":344,"caption":"Familie Fellendorf"},"image":{"@id":"https:\/\/www.fellendorf.de\/#\/schema\/logo\/image\/"}}]}},"jetpack_sharing_enabled":true,"jetpack_shortlink":"https:\/\/wp.me\/P7AlgU-3m","_links":{"self":[{"href":"https:\/\/www.fellendorf.de\/index.php\/wp-json\/wp\/v2\/pages\/208","targetHints":{"allow":["GET"]}}],"collection":[{"href":"https:\/\/www.fellendorf.de\/index.php\/wp-json\/wp\/v2\/pages"}],"about":[{"href":"https:\/\/www.fellendorf.de\/index.php\/wp-json\/wp\/v2\/types\/page"}],"author":[{"embeddable":true,"href":"https:\/\/www.fellendorf.de\/index.php\/wp-json\/wp\/v2\/users\/2"}],"replies":[{"embeddable":true,"href":"https:\/\/www.fellendorf.de\/index.php\/wp-json\/wp\/v2\/comments?post=208"}],"version-history":[{"count":3,"href":"https:\/\/www.fellendorf.de\/index.php\/wp-json\/wp\/v2\/pages\/208\/revisions"}],"predecessor-version":[{"id":213,"href":"https:\/\/www.fellendorf.de\/index.php\/wp-json\/wp\/v2\/pages\/208\/revisions\/213"}],"wp:attachment":[{"href":"https:\/\/www.fellendorf.de\/index.php\/wp-json\/wp\/v2\/media?parent=208"}],"curies":[{"name":"wp","href":"https:\/\/api.w.org\/{rel}","templated":true}]}}